{"id":2225,"date":"2014-08-19T15:32:31","date_gmt":"2014-08-19T13:32:31","guid":{"rendered":"https:\/\/blomberg.sawah.mobi\/?page_id=2225"},"modified":"2019-11-22T07:27:40","modified_gmt":"2019-11-22T06:27:40","slug":"echte-oder-gewoehnliche-braunelle","status":"publish","type":"page","link":"https:\/\/blomberg.sawah.mobi\/?page_id=2225","title":{"rendered":"Braunelle"},"content":{"rendered":"<p>Die h\u00fcbsche kleine Pflanze, die ab Juni bis in den Herbst bl\u00fcht, sieht man auch oft in Rasenfl\u00e4chen, wo ihre blauvioletten Bl\u00fcten einen h\u00fcbschen Farbkontrast zu den gelb-wei\u00dfen Bl\u00fctensternen der G\u00e4nsebl\u00fcmchen bilden. Die Blattrosetten beider Arten liegen flach am Boden an und werden deshalb von den Messern des Rasenm\u00e4hers verschont, deshalb kommen sie so oft in Scherrasen vor.<\/p>\n<p>Vor der Bl\u00fcte kann man die jungen Bl\u00e4tter der Echten Braunelle f\u00fcr Kr\u00e4utersuppen, -quark und Salat verwenden.<\/p>\n<p>Als Heilpflanze wurde die zierliche Pflanze nach der Signaturlehre verwendet, die in Farben und Formen bestimmter Pflanzen oder Pflanzenteile Hinweise auf ihre Wirksamkeit fand. In der violett-brauen Farbe der Bl\u00fctenst\u00e4nde sah man als Zeichen ihrer Wirksamkeit bei Krankheiten, die br\u00e4unlich-violette Verf\u00e4rbungen mit sich brachten. So wurde sie gegen die Br\u00e4une (= violette Hautver\u00e4nderungen) und Diphtherie (= Rachenbr\u00e4une) eingesetzt. Nun enth\u00e4lt die Pflanze tats\u00e4chlich medizinisch wirksame Substanzen, darunter Gerbstoffe und \u00e4therische \u00d6le, die bei Halsentz\u00fcndungen und schlecht heilenden Wunden helfen k\u00f6nnen. Seit etwas mehr als 20 Jahren ist auch bekannt, dass die Echte Braunelle eine Substanz enth\u00e4lt, die gegen bestimmte Virenst\u00e4mme wie das Herpes-Virus wirksam ist.<\/p>","protected":false},"excerpt":{"rendered":"<p>Die h\u00fcbsche kleine Pflanze, die ab Juni bis in den Herbst bl\u00fcht, sieht man auch oft in Rasenfl\u00e4chen, wo ihre blauvioletten Bl\u00fcten einen h\u00fcbschen Farbkontrast zu den gelb-wei\u00dfen Bl\u00fctensternen der G\u00e4nsebl\u00fcmchen bilden. Die Blattrosetten beider Arten liegen flach am Boden an und werden deshalb von den Messern des Rasenm\u00e4hers verschont, deshalb kommen sie so oft &hellip; <\/p>\n<p class=\"link-more\"><a href=\"https:\/\/blomberg.sawah.mobi\/?page_id=2225\" class=\"more-link\"><span class=\"screen-reader-text\">\u201eBraunelle\u201c<\/span> weiterlesen<\/a><\/p>\n","protected":false},"author":1,"featured_media":2133,"parent":0,"menu_order":0,"comment_status":"open","ping_status":"open","template":"","meta":{"ngg_post_thumbnail":0},"_links":{"self":[{"href":"https:\/\/blomberg.sawah.mobi\/index.php?rest_route=\/wp\/v2\/pages\/2225"}],"collection":[{"href":"https:\/\/blomberg.sawah.mobi\/index.php?rest_route=\/wp\/v2\/pages"}],"about":[{"href":"https:\/\/blomberg.sawah.mobi\/index.php?rest_route=\/wp\/v2\/types\/page"}],"author":[{"embeddable":true,"href":"https:\/\/blomberg.sawah.mobi\/index.php?rest_route=\/wp\/v2\/users\/1"}],"replies":[{"embeddable":true,"href":"https:\/\/blomberg.sawah.mobi\/index.php?rest_route=%2Fwp%2Fv2%2Fcomments&post=2225"}],"version-history":[{"count":3,"href":"https:\/\/blomberg.sawah.mobi\/index.php?rest_route=\/wp\/v2\/pages\/2225\/revisions"}],"predecessor-version":[{"id":2281,"href":"https:\/\/blomberg.sawah.mobi\/index.php?rest_route=\/wp\/v2\/pages\/2225\/revisions\/2281"}],"wp:featuredmedia":[{"embeddable":true,"href":"https:\/\/blomberg.sawah.mobi\/index.php?rest_route=\/wp\/v2\/media\/2133"}],"wp:attachment":[{"href":"https:\/\/blomberg.sawah.mobi\/index.php?rest_route=%2Fwp%2Fv2%2Fmedia&parent=2225"}],"curies":[{"name":"wp","href":"https:\/\/api.w.org\/{rel}","templated":true}]}}