{"id":2222,"date":"2014-08-19T15:31:11","date_gmt":"2014-08-19T13:31:11","guid":{"rendered":"https:\/\/blomberg.sawah.mobi\/?page_id=2222"},"modified":"2019-11-22T07:27:41","modified_gmt":"2019-11-22T06:27:41","slug":"geheimtipp-fuer-outdoor-fans-wegeriche","status":"publish","type":"page","link":"https:\/\/blomberg.sawah.mobi\/?page_id=2222","title":{"rendered":"Wegeriche"},"content":{"rendered":"<p>Der Breitwegerich ist f\u00fcr alle Wanderer und Outdoor-Fans \u00fcberaus n\u00fctzlich. Bei Insektenstichen, kleinen Schrammen oder m\u00fcden F\u00fc\u00dfen wirkt die Auflage eines zerquetschten oder zerkauten Wegerichblatt Wunder. Der Blattbrei wirkt entz\u00fcndungshemmend und ist auf fast jedem Weg verf\u00fcgbar.<\/p>\n<p>Das Wissen um die Heilkraft des Wegerichs ist alt und es geh\u00f6rte einst zur Allgemeinbildung. Hieronymus Bock schrieb in seinem fr\u00fchneuzeitlichen Bestseller-Kr\u00e4uterbuch, dass er \u00fcber den Wegerich nichts schreiben m\u00fcsste, da jeder aus t\u00e4glichem Gebrauch dar\u00fcber Bescheid w\u00fcsste. Heute ist dieses Wissen fast verloren und die Heilkraft des Breitwegerichs geh\u00f6rt zu den Geheimtipps f\u00fcr Wanderer.<\/p>\n<p>Bekannter ist da die Heilkraft des Spitz-Wegerichs, den man ebenso verwenden kann. Spitzwegerich-Pr\u00e4parate werden im Winterhalbjahr in jedem Supermarkt angeboten als Mittel gegen Husten und Verschleimung. Eine Spitzwegerich-Tinktur kann man leicht selbst herstellen. Eine Hand voll Spitzwegerichbl\u00e4tter in einem verschlie\u00dfbaren Glasgef\u00e4\u00df in 32%igen Alkohol einlegen, etwa sechs Wochen an einem hellen Platz ziehen lassen, abf\u00fcllen in eine dunkle Glasflasche \u2013 fertig. Diese Tinktur hilft ebenso wie die zerriebenen Bl\u00e4tter von beiden Wegericharten falls mal keine frische Pflanze griffbereit ist.<\/p>\n<p>Junge Spitzwegerichbl\u00e4tter sind fein gehackt in Kr\u00e4uterbutter, Kr\u00e4uterquark und Salatso\u00dfe zu empfehlen.<\/p>\n","protected":false},"excerpt":{"rendered":"<p>Der Breitwegerich ist f\u00fcr alle Wanderer und Outdoor-Fans \u00fcberaus n\u00fctzlich. Bei Insektenstichen, kleinen Schrammen oder m\u00fcden F\u00fc\u00dfen wirkt die Auflage eines zerquetschten oder zerkauten Wegerichblatt Wunder. Der Blattbrei wirkt entz\u00fcndungshemmend und ist auf fast jedem Weg verf\u00fcgbar. Das Wissen um die Heilkraft des Wegerichs ist alt und es geh\u00f6rte einst zur Allgemeinbildung. Hieronymus Bock schrieb &hellip; <\/p>\n<p class=\"link-more\"><a href=\"https:\/\/blomberg.sawah.mobi\/?page_id=2222\" class=\"more-link\"><span class=\"screen-reader-text\">\u201eWegeriche\u201c<\/span> weiterlesen<\/a><\/p>\n","protected":false},"author":1,"featured_media":2134,"parent":0,"menu_order":0,"comment_status":"open","ping_status":"open","template":"","meta":{"ngg_post_thumbnail":0},"_links":{"self":[{"href":"https:\/\/blomberg.sawah.mobi\/index.php?rest_route=\/wp\/v2\/pages\/2222"}],"collection":[{"href":"https:\/\/blomberg.sawah.mobi\/index.php?rest_route=\/wp\/v2\/pages"}],"about":[{"href":"https:\/\/blomberg.sawah.mobi\/index.php?rest_route=\/wp\/v2\/types\/page"}],"author":[{"embeddable":true,"href":"https:\/\/blomberg.sawah.mobi\/index.php?rest_route=\/wp\/v2\/users\/1"}],"replies":[{"embeddable":true,"href":"https:\/\/blomberg.sawah.mobi\/index.php?rest_route=%2Fwp%2Fv2%2Fcomments&post=2222"}],"version-history":[{"count":7,"href":"https:\/\/blomberg.sawah.mobi\/index.php?rest_route=\/wp\/v2\/pages\/2222\/revisions"}],"predecessor-version":[{"id":2295,"href":"https:\/\/blomberg.sawah.mobi\/index.php?rest_route=\/wp\/v2\/pages\/2222\/revisions\/2295"}],"wp:featuredmedia":[{"embeddable":true,"href":"https:\/\/blomberg.sawah.mobi\/index.php?rest_route=\/wp\/v2\/media\/2134"}],"wp:attachment":[{"href":"https:\/\/blomberg.sawah.mobi\/index.php?rest_route=%2Fwp%2Fv2%2Fmedia&parent=2222"}],"curies":[{"name":"wp","href":"https:\/\/api.w.org\/{rel}","templated":true}]}}