{"id":2220,"date":"2014-08-19T15:29:49","date_gmt":"2014-08-19T13:29:49","guid":{"rendered":"https:\/\/blomberg.sawah.mobi\/?page_id=2220"},"modified":"2019-11-22T07:27:40","modified_gmt":"2019-11-22T06:27:40","slug":"gemeine-schafgarbe","status":"publish","type":"page","link":"https:\/\/blomberg.sawah.mobi\/?page_id=2220","title":{"rendered":"Gemeine Schafgarbe"},"content":{"rendered":"<p>Die Gemeine Schafgarbe ist gut an den fein geteilten Bl\u00e4ttern zu erkennen, die dichte Rasen bilden k\u00f6nnen, denn die Pflanzen bilden zahlreiche Ausl\u00e4ufer. Die Bl\u00fcten stehen in Doldenrispen und sind meist wei\u00df, gelegentlich auch rosa. Wenn eine Pflanzen oder auch Tierart als \u201egemein\u201c bezeichnet wird, so hei\u00dft das, dass es sich um die weit verbreitete, gew\u00f6hnliche Art handelt.<\/p>\n<p>Die jungen Bl\u00e4tter der Schafgarbe enthalten nur wenige Bitterstoffe und sind f\u00fcr Wildgem\u00fcse, Salat und als Zutat in Kr\u00e4uterquark verwendbar. Die \u00e4lteren Bl\u00e4tter und die Bl\u00fcten enthalten u.a. den Wirkstoff Chamazulen bzw. Vorstufen davon, der auch in der Echten Kamille vorkommt.. Sie werden frisch als Presssaft oder getrocknet als Aufguss benutzt und wirken entz\u00fcndungshemmend und krampfl\u00f6send. Bei Appetitmangel, Verdauungsst\u00f6rungen, Leber- und Gallenleiden und zu starken Menstruationsblutungen eine gute Wahl. \u00c4u\u00dferlich hilft Schafgarbentee blutstillend bei zur Wundbehandlung und bei Hautleiden.<\/p>\n<p>Und sonst: Nun, man getrocknete Schafgarbe und Brennnessel als Amulett mit sich, so kann ist man vor allem Negativen gesch\u00fctzt \u2013 schrieb der 1981 verstorbene Amerikaner Scott Cunningham, der als Beruf Pflanzenmagier angab.<\/p>","protected":false},"excerpt":{"rendered":"<p>Die Gemeine Schafgarbe ist gut an den fein geteilten Bl\u00e4ttern zu erkennen, die dichte Rasen bilden k\u00f6nnen, denn die Pflanzen bilden zahlreiche Ausl\u00e4ufer. Die Bl\u00fcten stehen in Doldenrispen und sind meist wei\u00df, gelegentlich auch rosa. Wenn eine Pflanzen oder auch Tierart als \u201egemein\u201c bezeichnet wird, so hei\u00dft das, dass es sich um die weit verbreitete, &hellip; <\/p>\n<p class=\"link-more\"><a href=\"https:\/\/blomberg.sawah.mobi\/?page_id=2220\" class=\"more-link\"><span class=\"screen-reader-text\">\u201eGemeine Schafgarbe\u201c<\/span> weiterlesen<\/a><\/p>\n","protected":false},"author":1,"featured_media":2135,"parent":0,"menu_order":0,"comment_status":"open","ping_status":"open","template":"","meta":{"ngg_post_thumbnail":0},"_links":{"self":[{"href":"https:\/\/blomberg.sawah.mobi\/index.php?rest_route=\/wp\/v2\/pages\/2220"}],"collection":[{"href":"https:\/\/blomberg.sawah.mobi\/index.php?rest_route=\/wp\/v2\/pages"}],"about":[{"href":"https:\/\/blomberg.sawah.mobi\/index.php?rest_route=\/wp\/v2\/types\/page"}],"author":[{"embeddable":true,"href":"https:\/\/blomberg.sawah.mobi\/index.php?rest_route=\/wp\/v2\/users\/1"}],"replies":[{"embeddable":true,"href":"https:\/\/blomberg.sawah.mobi\/index.php?rest_route=%2Fwp%2Fv2%2Fcomments&post=2220"}],"version-history":[{"count":1,"href":"https:\/\/blomberg.sawah.mobi\/index.php?rest_route=\/wp\/v2\/pages\/2220\/revisions"}],"predecessor-version":[{"id":2221,"href":"https:\/\/blomberg.sawah.mobi\/index.php?rest_route=\/wp\/v2\/pages\/2220\/revisions\/2221"}],"wp:featuredmedia":[{"embeddable":true,"href":"https:\/\/blomberg.sawah.mobi\/index.php?rest_route=\/wp\/v2\/media\/2135"}],"wp:attachment":[{"href":"https:\/\/blomberg.sawah.mobi\/index.php?rest_route=%2Fwp%2Fv2%2Fmedia&parent=2220"}],"curies":[{"name":"wp","href":"https:\/\/api.w.org\/{rel}","templated":true}]}}