{"id":2217,"date":"2014-08-19T15:28:15","date_gmt":"2014-08-19T13:28:15","guid":{"rendered":"https:\/\/blomberg.sawah.mobi\/?page_id=2217"},"modified":"2019-11-22T07:27:40","modified_gmt":"2019-11-22T06:27:40","slug":"pestwurz","status":"publish","type":"page","link":"https:\/\/blomberg.sawah.mobi\/?page_id=2217","title":{"rendered":"Pestwurz"},"content":{"rendered":"<p>Diese riesengro\u00dfen Bl\u00e4tter, die man auch an manchen B\u00e4chen und an den R\u00e4ndern feuchter Wiesen sieht, \u00e4hneln ein bisschen dem Gartenrhabarber. Sie geh\u00f6ren zur Pestwurz, einer Wildpflanze, deren Name schon verr\u00e4t, wogegen man sie fr\u00fcher verwendet hat. Um es vorweg zu nehmen, mit Pestwurz kann man die sehr gef\u00e4hrliche Infektionskrankheit nicht heilen. Also alles nur Aberglaube? Nun, seit wenigen Jahren wei\u00df man, dass Pestwurz eine krampfl\u00f6sende und beruhigend wirkende Substanz enth\u00e4lt, die mittlerweile auch in modernen Medikamenten Verwendung findet. Mit der Pestwurz konnte man zwar die Pestkranken nicht heilen, sehr wahrscheinlich konnte man aber die qualvollen Symptome der Infektion etwas lindern.<\/p>\n<p>Pestwurzbl\u00e4tter sind \u00fcbrigens auch ein gutes Mittel gegen Husten, genau wie die Bl\u00e4tter des Huflattich, mit denen man sie verwechseln k\u00f6nnte.<\/p>\n<p>Pestwurz bl\u00fcht schon ab Mitte M\u00e4rz, lange bevor die Bl\u00e4tter erscheinen. Viele rosa Bl\u00fcten bilden einen \u00e4hrenartigen Bl\u00fctenstand.<\/p>","protected":false},"excerpt":{"rendered":"<p>Diese riesengro\u00dfen Bl\u00e4tter, die man auch an manchen B\u00e4chen und an den R\u00e4ndern feuchter Wiesen sieht, \u00e4hneln ein bisschen dem Gartenrhabarber. Sie geh\u00f6ren zur Pestwurz, einer Wildpflanze, deren Name schon verr\u00e4t, wogegen man sie fr\u00fcher verwendet hat. Um es vorweg zu nehmen, mit Pestwurz kann man die sehr gef\u00e4hrliche Infektionskrankheit nicht heilen. Also alles nur &hellip; <\/p>\n<p class=\"link-more\"><a href=\"https:\/\/blomberg.sawah.mobi\/?page_id=2217\" class=\"more-link\"><span class=\"screen-reader-text\">\u201ePestwurz\u201c<\/span> weiterlesen<\/a><\/p>\n","protected":false},"author":1,"featured_media":2136,"parent":0,"menu_order":0,"comment_status":"open","ping_status":"open","template":"","meta":{"ngg_post_thumbnail":0},"_links":{"self":[{"href":"https:\/\/blomberg.sawah.mobi\/index.php?rest_route=\/wp\/v2\/pages\/2217"}],"collection":[{"href":"https:\/\/blomberg.sawah.mobi\/index.php?rest_route=\/wp\/v2\/pages"}],"about":[{"href":"https:\/\/blomberg.sawah.mobi\/index.php?rest_route=\/wp\/v2\/types\/page"}],"author":[{"embeddable":true,"href":"https:\/\/blomberg.sawah.mobi\/index.php?rest_route=\/wp\/v2\/users\/1"}],"replies":[{"embeddable":true,"href":"https:\/\/blomberg.sawah.mobi\/index.php?rest_route=%2Fwp%2Fv2%2Fcomments&post=2217"}],"version-history":[{"count":2,"href":"https:\/\/blomberg.sawah.mobi\/index.php?rest_route=\/wp\/v2\/pages\/2217\/revisions"}],"predecessor-version":[{"id":2219,"href":"https:\/\/blomberg.sawah.mobi\/index.php?rest_route=\/wp\/v2\/pages\/2217\/revisions\/2219"}],"wp:featuredmedia":[{"embeddable":true,"href":"https:\/\/blomberg.sawah.mobi\/index.php?rest_route=\/wp\/v2\/media\/2136"}],"wp:attachment":[{"href":"https:\/\/blomberg.sawah.mobi\/index.php?rest_route=%2Fwp%2Fv2%2Fmedia&parent=2217"}],"curies":[{"name":"wp","href":"https:\/\/api.w.org\/{rel}","templated":true}]}}