{"id":2201,"date":"2014-08-19T15:15:45","date_gmt":"2014-08-19T13:15:45","guid":{"rendered":"https:\/\/blomberg.sawah.mobi\/?page_id=2201"},"modified":"2019-11-22T07:27:40","modified_gmt":"2019-11-22T06:27:40","slug":"giersch","status":"publish","type":"page","link":"https:\/\/blomberg.sawah.mobi\/?page_id=2201","title":{"rendered":"Giersch"},"content":{"rendered":"<p>Fr\u00fcher, als es im Winter kein frisches Gem\u00fcse gab, war das erste zarte Gr\u00fcn eine hoch willkommene Abwechselung zur eint\u00f6nigen Winterkost und eine wichtige Vitaminquelle. Heckengem\u00fcse nannte man diese Speise, deren Hauptzutaten junge Giersch- und Brennnesselbl\u00e4tter waren. Auch in Wildkr\u00e4uterquark, Kr\u00e4uterbutter und Salaten sind die jungen, etwas s\u00fc\u00dflichen Gierschbl\u00e4tter eine delikate Zutat.<\/p>\n<p>Ausgerechnet Giersch! Die ausbreitungsfreudige Pflanze ist der Erzfeind fast aller G\u00e4rtner.<\/p>\n<p>Guckt man genauer hin, wird man feststellen, dass Giersch trotz aller Ausbreitungstendenzen im Garten in der freien Natur keine aggressive Problemart ist. Wie macht Mutter Natur das blo\u00df?<\/p>\n<p>Nun, Giersch ist eine anspruchsvolle Pflanze, die viel (aber nicht zu viel) Wasser und N\u00e4hrstoffe braucht und ein halbschattiges Wuchspl\u00e4tzchen bevorzugt. Bevor die Menschen die Landschaft nach ihren Bed\u00fcrfnissen ver\u00e4nderten wuchs Giersch in lichten W\u00e4ldern entlang von B\u00e4chen und Fl\u00fcssen, also an Orten, die diesem Wuchsplatz \u00e4hnlich sind. Hier in der N\u00e4he des kleinen tempor\u00e4ren Gew\u00e4ssers ist der Boden auch im Sommer feucht und am Wegesrand sammeln sich die N\u00e4hrstoffe, die mit dem Regenwasser von Hang und Weg abgeschwemmt werden. Aber warum breitet sich der Giersch dann nicht \u00fcber die ganze Fl\u00e4che aus? Giersch mag Halbschatten oder auch einen sonnigen Standort, wenn der Boden dort nicht zu stark austrocknet. Im tiefen Schatten des Waldes ist die Art nicht mehr konkurrenzf\u00e4hig.<\/p>","protected":false},"excerpt":{"rendered":"<p>Fr\u00fcher, als es im Winter kein frisches Gem\u00fcse gab, war das erste zarte Gr\u00fcn eine hoch willkommene Abwechselung zur eint\u00f6nigen Winterkost und eine wichtige Vitaminquelle. Heckengem\u00fcse nannte man diese Speise, deren Hauptzutaten junge Giersch- und Brennnesselbl\u00e4tter waren. Auch in Wildkr\u00e4uterquark, Kr\u00e4uterbutter und Salaten sind die jungen, etwas s\u00fc\u00dflichen Gierschbl\u00e4tter eine delikate Zutat. Ausgerechnet Giersch! Die &hellip; <\/p>\n<p class=\"link-more\"><a href=\"https:\/\/blomberg.sawah.mobi\/?page_id=2201\" class=\"more-link\"><span class=\"screen-reader-text\">\u201eGiersch\u201c<\/span> weiterlesen<\/a><\/p>\n","protected":false},"author":1,"featured_media":2152,"parent":0,"menu_order":0,"comment_status":"open","ping_status":"open","template":"","meta":{"ngg_post_thumbnail":0},"_links":{"self":[{"href":"https:\/\/blomberg.sawah.mobi\/index.php?rest_route=\/wp\/v2\/pages\/2201"}],"collection":[{"href":"https:\/\/blomberg.sawah.mobi\/index.php?rest_route=\/wp\/v2\/pages"}],"about":[{"href":"https:\/\/blomberg.sawah.mobi\/index.php?rest_route=\/wp\/v2\/types\/page"}],"author":[{"embeddable":true,"href":"https:\/\/blomberg.sawah.mobi\/index.php?rest_route=\/wp\/v2\/users\/1"}],"replies":[{"embeddable":true,"href":"https:\/\/blomberg.sawah.mobi\/index.php?rest_route=%2Fwp%2Fv2%2Fcomments&post=2201"}],"version-history":[{"count":1,"href":"https:\/\/blomberg.sawah.mobi\/index.php?rest_route=\/wp\/v2\/pages\/2201\/revisions"}],"predecessor-version":[{"id":2202,"href":"https:\/\/blomberg.sawah.mobi\/index.php?rest_route=\/wp\/v2\/pages\/2201\/revisions\/2202"}],"wp:featuredmedia":[{"embeddable":true,"href":"https:\/\/blomberg.sawah.mobi\/index.php?rest_route=\/wp\/v2\/media\/2152"}],"wp:attachment":[{"href":"https:\/\/blomberg.sawah.mobi\/index.php?rest_route=%2Fwp%2Fv2%2Fmedia&parent=2201"}],"curies":[{"name":"wp","href":"https:\/\/api.w.org\/{rel}","templated":true}]}}