{"id":2198,"date":"2014-08-19T15:14:03","date_gmt":"2014-08-19T13:14:03","guid":{"rendered":"https:\/\/blomberg.sawah.mobi\/?page_id=2198"},"modified":"2019-11-22T07:27:40","modified_gmt":"2019-11-22T06:27:40","slug":"minzen","status":"publish","type":"page","link":"https:\/\/blomberg.sawah.mobi\/?page_id=2198","title":{"rendered":"Minzen"},"content":{"rendered":"<p>Die hellgr\u00fcnen Pflanzen mit den kleinen lila Bl\u00fcten verstr\u00f6men einen angenehmen Duft, wenn man sie ber\u00fchrt. Es sind Quirl-Minzen, ein Hybride der Wasser-Minze und der Ackerminze. Sie wachsen wie die Elternarten gerne auf vern\u00e4ssten B\u00f6den. Selten kommt eine Quirl-Minze alleine. Die Pflanzen bilden viele unterirdische Ausl\u00e4ufer und wachsen deshalb fast immer in Gruppen. Sie sind, wie viele Hybriden, viel wuchs- und ausbreitungsfreudiger als die Elternarten.<\/p>\n<p>Minzen gibt es etliche Arten in der Natur und noch viel mehr in den G\u00e4rten. Au\u00dferdem bilden viele dieser Arten Hybride, wie die Quirlminze und \u00fcbrigens auch die Pfefferminze einer ist. Das macht die Bestimmung der Pflanzen nicht gerade einfach. Wenn es um deren \u00a0Verwendung als Tee oder in der K\u00fcche geht, kann und darf man sich auf seine Nase verlassen. Riecht die Minze angenehm, dann kann man sie auch verwenden.<\/p>\n<p>Minzen sind nicht nur als der traditionelle Tee heilsam, sie sind auch vielseitig in der K\u00fcche verwendbar. Minz-Sirup ist einfach herzustellen und superlecker. Mit Schokoladenraspel gibt er einem Naturjogurt den Geschmack einer bekannten englischen Schokoladenspezialit\u00e4t. Minze eignet sich aber auch f\u00fcr pikante Speisen und gibt ihnen eine exotisch-frische Komponente.<\/p>","protected":false},"excerpt":{"rendered":"<p>Die hellgr\u00fcnen Pflanzen mit den kleinen lila Bl\u00fcten verstr\u00f6men einen angenehmen Duft, wenn man sie ber\u00fchrt. Es sind Quirl-Minzen, ein Hybride der Wasser-Minze und der Ackerminze. Sie wachsen wie die Elternarten gerne auf vern\u00e4ssten B\u00f6den. Selten kommt eine Quirl-Minze alleine. Die Pflanzen bilden viele unterirdische Ausl\u00e4ufer und wachsen deshalb fast immer in Gruppen. Sie sind, &hellip; <\/p>\n<p class=\"link-more\"><a href=\"https:\/\/blomberg.sawah.mobi\/?page_id=2198\" class=\"more-link\"><span class=\"screen-reader-text\">\u201eMinzen\u201c<\/span> weiterlesen<\/a><\/p>\n","protected":false},"author":1,"featured_media":2153,"parent":0,"menu_order":0,"comment_status":"open","ping_status":"open","template":"","meta":{"ngg_post_thumbnail":0},"_links":{"self":[{"href":"https:\/\/blomberg.sawah.mobi\/index.php?rest_route=\/wp\/v2\/pages\/2198"}],"collection":[{"href":"https:\/\/blomberg.sawah.mobi\/index.php?rest_route=\/wp\/v2\/pages"}],"about":[{"href":"https:\/\/blomberg.sawah.mobi\/index.php?rest_route=\/wp\/v2\/types\/page"}],"author":[{"embeddable":true,"href":"https:\/\/blomberg.sawah.mobi\/index.php?rest_route=\/wp\/v2\/users\/1"}],"replies":[{"embeddable":true,"href":"https:\/\/blomberg.sawah.mobi\/index.php?rest_route=%2Fwp%2Fv2%2Fcomments&post=2198"}],"version-history":[{"count":2,"href":"https:\/\/blomberg.sawah.mobi\/index.php?rest_route=\/wp\/v2\/pages\/2198\/revisions"}],"predecessor-version":[{"id":2200,"href":"https:\/\/blomberg.sawah.mobi\/index.php?rest_route=\/wp\/v2\/pages\/2198\/revisions\/2200"}],"wp:featuredmedia":[{"embeddable":true,"href":"https:\/\/blomberg.sawah.mobi\/index.php?rest_route=\/wp\/v2\/media\/2153"}],"wp:attachment":[{"href":"https:\/\/blomberg.sawah.mobi\/index.php?rest_route=%2Fwp%2Fv2%2Fmedia&parent=2198"}],"curies":[{"name":"wp","href":"https:\/\/api.w.org\/{rel}","templated":true}]}}